{"id":93,"date":"2021-01-05T11:28:51","date_gmt":"2021-01-05T11:28:51","guid":{"rendered":"https:\/\/hostelkasyno.pl\/?page_id=93"},"modified":"2025-03-24T07:47:19","modified_gmt":"2025-03-24T07:47:19","slug":"hostel","status":"publish","type":"page","link":"https:\/\/hostelkasyno.pl\/index.php\/hostel\/","title":{"rendered":"Hostel"},"content":{"rendered":"<p>[et_pb_section fb_built=&#8221;1&#8243; admin_label=&#8221;Header&#8221; _builder_version=&#8221;4.7.7&#8243; use_background_color_gradient=&#8221;on&#8221; background_color_gradient_start=&#8221;rgba(255,255,255,0.89)&#8221; background_color_gradient_end=&#8221;rgba(255,255,255,0)&#8221; background_color_gradient_type=&#8221;radial&#8221; background_color_gradient_direction_radial=&#8221;top left&#8221; background_color_gradient_start_position=&#8221;30%&#8221; background_color_gradient_end_position=&#8221;80%&#8221; background_color_gradient_overlays_image=&#8221;on&#8221; background_image=&#8221;https:\/\/hostelkasyno.pl\/wp-content\/uploads\/2021\/01\/DSC_1408.jpg&#8221; custom_margin=&#8221;|||&#8221; custom_padding=&#8221;8vw|0px|0|0px|false|false&#8221; locked=&#8221;off&#8221;][et_pb_row _builder_version=&#8221;3.25&#8243;][et_pb_column type=&#8221;4_4&#8243; _builder_version=&#8221;3.25&#8243; custom_padding=&#8221;|||&#8221; custom_padding__hover=&#8221;|||&#8221;][et_pb_text _builder_version=&#8221;4.7.7&#8243; text_font=&#8221;||||||||&#8221; header_font=&#8221;Raleway|700|||||||&#8221; header_font_size=&#8221;80px&#8221; header_line_height=&#8221;1.2em&#8221; header_5_font=&#8221;Raleway|700||on|||||&#8221; header_5_text_color=&#8221;#000000&#8243; header_5_font_size=&#8221;20px&#8221; header_5_letter_spacing=&#8221;0.5em&#8221; header_5_line_height=&#8221;1.8em&#8221; animation_style=&#8221;zoom&#8221; animation_intensity_zoom=&#8221;5%&#8221; header_font_size_tablet=&#8221;48px&#8221; header_font_size_phone=&#8221;32px&#8221; header_font_size_last_edited=&#8221;on|phone&#8221; header_5_font_size_tablet=&#8221;14px&#8221; header_5_font_size_phone=&#8221;12px&#8221; header_5_font_size_last_edited=&#8221;on|desktop&#8221;]<\/p>\n<h5>Hostel<\/h5>\n<h1>Rodzinne<br \/> miejsce<\/h1>\n<p>[\/et_pb_text][\/et_pb_column][\/et_pb_row][et_pb_row column_structure=&#8221;1_4,1_4,1_4,1_4&#8243; use_custom_gutter=&#8221;on&#8221; make_equal=&#8221;on&#8221; custom_padding_last_edited=&#8221;on|desktop&#8221; _builder_version=&#8221;4.7.7&#8243; background_color=&#8221;#ffffff&#8221; width=&#8221;90%&#8221; max_width=&#8221;90%&#8221; module_alignment=&#8221;left&#8221; custom_margin=&#8221;10vw|auto||auto|false|false&#8221; custom_padding=&#8221;0px|0px|0px|9vw|false|false&#8221; custom_padding_tablet=&#8221;|||10vw&#8221; custom_padding_phone=&#8221;&#8221; animation_style=&#8221;slide&#8221; animation_direction=&#8221;left&#8221; animation_intensity_slide=&#8221;5%&#8221; use_custom_width=&#8221;on&#8221; width_unit=&#8221;off&#8221; custom_width_percent=&#8221;90%&#8221; locked=&#8221;off&#8221;][et_pb_column type=&#8221;1_4&#8243; _builder_version=&#8221;4.7.7&#8243; custom_padding=&#8221;40px||10px||false|false&#8221; custom_padding_tablet=&#8221;40px|||&#8221; custom_padding_phone=&#8221;20px|||&#8221; custom_padding_last_edited=&#8221;off|desktop&#8221; padding_phone=&#8221;20px|||&#8221; padding_tablet=&#8221;40px|||&#8221; padding_last_edited=&#8221;off|desktop&#8221; custom_padding__hover=&#8221;|||&#8221;][et_pb_blurb title=&#8221;Chorz\u00f3w&#8221; use_icon=&#8221;on&#8221; font_icon=&#8221;%%249%%&#8221; icon_placement=&#8221;left&#8221; use_icon_font_size=&#8221;on&#8221; icon_font_size=&#8221;24px&#8221; _builder_version=&#8221;4.7.7&#8243; header_level=&#8221;h5&#8243; header_font=&#8221;Raleway|700|||||||&#8221; header_line_height=&#8221;1.4em&#8221;][\/et_pb_blurb][\/et_pb_column][et_pb_column type=&#8221;1_4&#8243; _builder_version=&#8221;3.25&#8243; custom_padding=&#8221;40px||10px||false|false&#8221; padding_phone=&#8221;20px|||&#8221; padding_tablet=&#8221;40px|||&#8221; padding_last_edited=&#8221;off|desktop&#8221; custom_padding__hover=&#8221;|||&#8221;][et_pb_blurb title=&#8221;24 h\/7&#8243; use_icon=&#8221;on&#8221; font_icon=&#8221;%%167%%&#8221; icon_placement=&#8221;left&#8221; use_icon_font_size=&#8221;on&#8221; icon_font_size=&#8221;24px&#8221; _builder_version=&#8221;4.7.7&#8243; header_level=&#8221;h5&#8243; header_font=&#8221;Raleway|700|||||||&#8221; header_line_height=&#8221;1.4em&#8221;][\/et_pb_blurb][\/et_pb_column][et_pb_column type=&#8221;1_4&#8243; _builder_version=&#8221;3.25&#8243; custom_padding=&#8221;40px||10px||false|false&#8221; padding_phone=&#8221;20px|||&#8221; padding_tablet=&#8221;40px|||&#8221; padding_last_edited=&#8221;off|desktop&#8221; custom_padding__hover=&#8221;|||&#8221;][et_pb_blurb title=&#8221;4 pokoje, 21 go\u015bci&#8221; use_icon=&#8221;on&#8221; font_icon=&#8221;%%236%%&#8221; icon_placement=&#8221;left&#8221; use_icon_font_size=&#8221;on&#8221; icon_font_size=&#8221;24px&#8221; _builder_version=&#8221;4.7.7&#8243; header_level=&#8221;h5&#8243; header_font=&#8221;Raleway|700|||||||&#8221; header_line_height=&#8221;1.4em&#8221;][\/et_pb_blurb][\/et_pb_column][et_pb_column type=&#8221;1_4&#8243; _builder_version=&#8221;3.25&#8243; custom_padding=&#8221;40px||10px||false|false&#8221; padding_tablet=&#8221;20px||20px||true&#8221; padding_last_edited=&#8221;off|desktop&#8221; custom_padding__hover=&#8221;|||&#8221;][et_pb_blurb title=&#8221;Od 45 z\u0142 \/ doba&#8221; use_icon=&#8221;on&#8221; font_icon=&#8221;%%243%%&#8221; icon_placement=&#8221;left&#8221; use_icon_font_size=&#8221;on&#8221; icon_font_size=&#8221;24px&#8221; _builder_version=&#8221;4.7.7&#8243; header_level=&#8221;h5&#8243; header_font=&#8221;Raleway|700|||||||&#8221; header_line_height=&#8221;1.4em&#8221; locked=&#8221;off&#8221;][\/et_pb_blurb][\/et_pb_column][\/et_pb_row][\/et_pb_section][et_pb_section fb_built=&#8221;1&#8243; admin_label=&#8221;History&#8221; _builder_version=&#8221;3.22&#8243; custom_padding=&#8221;0px|||||&#8221;][et_pb_row _builder_version=&#8221;3.25&#8243; locked=&#8221;off&#8221;][et_pb_column type=&#8221;4_4&#8243; _builder_version=&#8221;3.25&#8243; custom_padding=&#8221;|||&#8221; custom_padding__hover=&#8221;|||&#8221;][et_pb_text _builder_version=&#8221;4.7.7&#8243; text_font=&#8221;||||||||&#8221; text_line_height=&#8221;2em&#8221; header_font=&#8221;||||||||&#8221; header_2_font=&#8221;Raleway|700|||||||&#8221; header_2_font_size=&#8221;50px&#8221; header_2_line_height=&#8221;1.2em&#8221; header_6_font=&#8221;Raleway|700||on|||||&#8221; header_6_font_size=&#8221;16px&#8221; header_6_letter_spacing=&#8221;5px&#8221; header_6_line_height=&#8221;1.8em&#8221; text_orientation=&#8221;center&#8221; max_width=&#8221;700px&#8221; module_alignment=&#8221;center&#8221; header_2_font_size_tablet=&#8221;35px&#8221; header_2_font_size_phone=&#8221;25px&#8221; header_2_font_size_last_edited=&#8221;on|phone&#8221;]<\/p>\n<h6><\/h6>\n<h2>Hostel Chorz\u00f3w<\/h2>\n<p>Jeste\u015bmy firm\u0105 rodzinn\u0105. Od 2014 roku prowadzimy hotel wraz z restauracj\u0105. Ta dzia\u0142alno\u015b\u0107 nauczy\u0142a nas dba\u0142o\u015bci o Go\u015bci i tego, \u017ce potrzeby ka\u017cdego, kto nas odwiedza, s\u0105 r\u00f3\u017cne. Staramy si\u0119 zrozumie\u0107 je wszystkie i wsp\u00f3lnie z naszymi pracownikami zadba\u0107 o naszych Go\u015bci tak, by poczuli si\u0119 u nas jak w domu.<\/p>\n<p>[\/et_pb_text][et_pb_image src=&#8221;https:\/\/hostelkasyno.pl\/wp-content\/uploads\/2021\/01\/DSC_1416.jpg&#8221; title_text=&#8221;DSC_1416&#8243; _builder_version=&#8221;4.7.7&#8243; _module_preset=&#8221;default&#8221;][\/et_pb_image][\/et_pb_column][\/et_pb_row][\/et_pb_section][et_pb_section fb_built=&#8221;1&#8243; admin_label=&#8221;Accommodations&#8221; _builder_version=&#8221;4.7.7&#8243; use_background_color_gradient=&#8221;on&#8221; background_color_gradient_start=&#8221;#2f3a44&#8243; background_color_gradient_end=&#8221;rgba(38,46,53,0)&#8221; background_color_gradient_direction=&#8221;150deg&#8221; background_color_gradient_start_position=&#8221;25%&#8221; background_color_gradient_overlays_image=&#8221;on&#8221; background_image=&#8221;https:\/\/hostelkasyno.pl\/wp-content\/uploads\/2021\/01\/AdobeStock_287232152.jpeg&#8221; custom_padding=&#8221;8vw|0px|280px|0px|false|false&#8221; locked=&#8221;off&#8221;][et_pb_row column_structure=&#8221;1_2,1_6,1_6,1_6&#8243; _builder_version=&#8221;3.25&#8243; locked=&#8221;off&#8221;][et_pb_column type=&#8221;1_2&#8243; _builder_version=&#8221;3.25&#8243; custom_padding=&#8221;|||&#8221; custom_padding__hover=&#8221;|||&#8221;][et_pb_text _builder_version=&#8221;4.7.7&#8243; text_font=&#8221;||||||||&#8221; text_line_height=&#8221;2em&#8221; header_font=&#8221;||||||||&#8221; header_2_font=&#8221;Raleway|700|||||||&#8221; header_2_font_size=&#8221;50px&#8221; header_2_line_height=&#8221;1.2em&#8221; header_6_font=&#8221;Raleway|700||on|||||&#8221; header_6_font_size=&#8221;16px&#8221; header_6_letter_spacing=&#8221;5px&#8221; header_6_line_height=&#8221;1.8em&#8221; background_layout=&#8221;dark&#8221; max_width_tablet=&#8221;&#8221; max_width_phone=&#8221;&#8221; max_width_last_edited=&#8221;on|desktop&#8221; header_2_font_size_tablet=&#8221;35px&#8221; header_2_font_size_phone=&#8221;25px&#8221; header_2_font_size_last_edited=&#8221;on|phone&#8221; locked=&#8221;off&#8221;]<\/p>\n<h2>Tanie pokoje <br \/>z miejscem parkingowym<\/h2>\n<p>Wszystkie nasze pokoje wyposa\u017cone s\u0105 w wygodne \u0142\u00f3\u017cka, stoliki nocne, pojemn\u0105 szaf\u0119, \u0142azienki z prysznicami. Przy hostelu dost\u0119pny jest przestronny parking, na kt\u00f3rym ka\u017cdy z Go\u015bci znajdzie miejsce parkingowe.<\/p>\n<p>[\/et_pb_text][\/et_pb_column][et_pb_column type=&#8221;1_6&#8243; _builder_version=&#8221;3.25&#8243; custom_padding=&#8221;|||&#8221; custom_padding__hover=&#8221;|||&#8221;][et_pb_number_counter title=&#8221;Pokoje&#8221; number=&#8221;4&#8243; percent_sign=&#8221;off&#8221; _builder_version=&#8221;4.7.7&#8243; title_font=&#8221;||||||||&#8221; title_font_size=&#8221;14px&#8221; number_font=&#8221;Raleway|700|||||||&#8221; number_text_color=&#8221;#ffffff&#8221; number_font_size=&#8221;48px&#8221; number_line_height=&#8221;100px&#8221; background_layout=&#8221;dark&#8221; locked=&#8221;off&#8221;][\/et_pb_number_counter][\/et_pb_column][et_pb_column type=&#8221;1_6&#8243; _builder_version=&#8221;3.25&#8243; custom_padding=&#8221;|||&#8221; custom_padding__hover=&#8221;|||&#8221;][et_pb_number_counter title=&#8221;od z\u0142 \/ doba&#8221; number=&#8221;45&#8243; percent_sign=&#8221;off&#8221; _builder_version=&#8221;4.7.7&#8243; title_font=&#8221;||||||||&#8221; title_font_size=&#8221;14px&#8221; number_font=&#8221;Raleway|700|||||||&#8221; number_text_color=&#8221;#ffffff&#8221; number_font_size=&#8221;48px&#8221; number_line_height=&#8221;100px&#8221; background_layout=&#8221;dark&#8221; locked=&#8221;off&#8221;][\/et_pb_number_counter][\/et_pb_column][et_pb_column type=&#8221;1_6&#8243; _builder_version=&#8221;3.25&#8243; custom_padding=&#8221;|||&#8221; custom_padding__hover=&#8221;|||&#8221;][et_pb_number_counter title=&#8221;Go\u015bci&#8221; number=&#8221;21&#8243; percent_sign=&#8221;off&#8221; _builder_version=&#8221;4.7.7&#8243; title_font=&#8221;||||||||&#8221; title_font_size=&#8221;14px&#8221; number_font=&#8221;Raleway|700|||||||&#8221; number_text_color=&#8221;#ffffff&#8221; number_font_size=&#8221;48px&#8221; number_line_height=&#8221;100px&#8221; background_layout=&#8221;dark&#8221; locked=&#8221;off&#8221;][\/et_pb_number_counter][\/et_pb_column][\/et_pb_row][\/et_pb_section][et_pb_section fb_built=&#8221;1&#8243; admin_label=&#8221;Amenities&#8221; _builder_version=&#8221;4.7.7&#8243; background_color=&#8221;#ffffff&#8221; max_width=&#8221;90%&#8221; max_width_tablet=&#8221;&#8221; max_width_phone=&#8221;90%&#8221; max_width_last_edited=&#8221;on|phone&#8221; custom_margin=&#8221;-160px|||&#8221; custom_padding=&#8221;||96px|||&#8221; border_color_all=&#8221;#ffffff&#8221; border_width_left=&#8221;10vw&#8221; locked=&#8221;off&#8221;][et_pb_row _builder_version=&#8221;3.25&#8243; custom_margin=&#8221;||60px|&#8221; locked=&#8221;off&#8221;][et_pb_column type=&#8221;4_4&#8243; _builder_version=&#8221;3.25&#8243; custom_padding=&#8221;|||&#8221; custom_padding__hover=&#8221;|||&#8221;][et_pb_text _builder_version=&#8221;4.7.7&#8243; text_font=&#8221;||||||||&#8221; text_line_height=&#8221;2em&#8221; header_font=&#8221;||||||||&#8221; header_2_font=&#8221;Raleway|700|||||||&#8221; header_2_font_size=&#8221;50px&#8221; header_2_line_height=&#8221;1.2em&#8221; header_6_font=&#8221;Raleway|700||on|||||&#8221; header_6_font_size=&#8221;16px&#8221; header_6_letter_spacing=&#8221;5px&#8221; header_6_line_height=&#8221;1.8em&#8221; text_orientation=&#8221;center&#8221; max_width=&#8221;700px&#8221; module_alignment=&#8221;center&#8221; header_2_font_size_tablet=&#8221;35px&#8221; header_2_font_size_phone=&#8221;25px&#8221; header_2_font_size_last_edited=&#8221;on|phone&#8221;]<\/p>\n<h6>pokoje<\/h6>\n<h2>Pokoje dopasowane <br \/>do potrzeb Go\u015bci<\/h2>\n<p>Wybierz, jaki pobyt preferujesz. W naszym hostelu dost\u0119pne s\u0105 4 pokoje:<\/p>\n<p>[\/et_pb_text][\/et_pb_column][\/et_pb_row][et_pb_row column_structure=&#8221;1_4,1_4,1_4,1_4&#8243; _builder_version=&#8221;3.25&#8243;][et_pb_column type=&#8221;1_4&#8243; _builder_version=&#8221;3.25&#8243; custom_padding=&#8221;|||&#8221; custom_padding__hover=&#8221;|||&#8221;][et_pb_image src=&#8221;https:\/\/hostelkasyno.pl\/wp-content\/uploads\/2021\/01\/DSC_1376.jpg&#8221; title_text=&#8221;DSC_1376&#8243; show_in_lightbox=&#8221;on&#8221; _builder_version=&#8221;4.7.7&#8243; _module_preset=&#8221;default&#8221;][\/et_pb_image][et_pb_blurb title=&#8221;Pok\u00f3j 1 &#8221; _builder_version=&#8221;4.7.7&#8243; header_level=&#8221;h5&#8243; header_font=&#8221;Raleway|700|||||||&#8221; header_font_size=&#8221;20px&#8221; header_line_height=&#8221;1.2em&#8221; body_font=&#8221;||||||||&#8221; body_font_size=&#8221;14px&#8221; body_line_height=&#8221;2em&#8221;]<\/p>\n<p>\u2013 dla 4 os\u00f3b<\/p>\n<p>[\/et_pb_blurb][\/et_pb_column][et_pb_column type=&#8221;1_4&#8243; _builder_version=&#8221;3.25&#8243; custom_padding=&#8221;|||&#8221; custom_padding__hover=&#8221;|||&#8221;][et_pb_image src=&#8221;https:\/\/hostelkasyno.pl\/wp-content\/uploads\/2021\/01\/DSC_1378.jpg&#8221; title_text=&#8221;DSC_1378&#8243; show_in_lightbox=&#8221;on&#8221; _builder_version=&#8221;4.7.7&#8243; _module_preset=&#8221;default&#8221;][\/et_pb_image][et_pb_blurb title=&#8221;Pok\u00f3j 2&#8243; _builder_version=&#8221;4.7.7&#8243; header_level=&#8221;h5&#8243; header_font=&#8221;Raleway|700|||||||&#8221; header_font_size=&#8221;20px&#8221; header_line_height=&#8221;1.2em&#8221; body_font=&#8221;||||||||&#8221; body_font_size=&#8221;14px&#8221; body_line_height=&#8221;2em&#8221;]<\/p>\n<p>\u00a0\u2013 dla 5 os\u00f3b<\/p>\n<p>[\/et_pb_blurb][\/et_pb_column][et_pb_column type=&#8221;1_4&#8243; _builder_version=&#8221;3.25&#8243; custom_padding=&#8221;|||&#8221; custom_padding__hover=&#8221;|||&#8221;][et_pb_image src=&#8221;https:\/\/hostelkasyno.pl\/wp-content\/uploads\/2021\/01\/DSC_1408.jpg&#8221; title_text=&#8221;DSC_1408&#8243; show_in_lightbox=&#8221;on&#8221; _builder_version=&#8221;4.7.7&#8243; _module_preset=&#8221;default&#8221;][\/et_pb_image][et_pb_blurb title=&#8221;Pok\u00f3j 3&#8243; _builder_version=&#8221;4.7.7&#8243; header_level=&#8221;h5&#8243; header_font=&#8221;Raleway|700|||||||&#8221; header_font_size=&#8221;20px&#8221; header_line_height=&#8221;1.2em&#8221; body_font=&#8221;||||||||&#8221; body_font_size=&#8221;14px&#8221; body_line_height=&#8221;2em&#8221; locked=&#8221;off&#8221;]<\/p>\n<p>\u00a0\u2013 dla 8 os\u00f3b<\/p>\n<p>[\/et_pb_blurb][\/et_pb_column][et_pb_column type=&#8221;1_4&#8243; _builder_version=&#8221;3.25&#8243; custom_padding=&#8221;|||&#8221; custom_padding__hover=&#8221;|||&#8221;][et_pb_image src=&#8221;https:\/\/hostelkasyno.pl\/wp-content\/uploads\/2021\/01\/DSC_1430.jpg&#8221; title_text=&#8221;DSC_1430&#8243; show_in_lightbox=&#8221;on&#8221; _builder_version=&#8221;4.7.7&#8243; _module_preset=&#8221;default&#8221;][\/et_pb_image][et_pb_blurb title=&#8221;Pok\u00f3j 4 &#8221; _builder_version=&#8221;4.7.7&#8243; header_level=&#8221;h5&#8243; header_font=&#8221;Raleway|700|||||||&#8221; header_font_size=&#8221;20px&#8221; header_line_height=&#8221;1.2em&#8221; body_font=&#8221;||||||||&#8221; body_font_size=&#8221;14px&#8221; body_line_height=&#8221;2em&#8221; locked=&#8221;off&#8221;]<\/p>\n<p>\u2013 dla 4 os\u00f3b<\/p>\n<p>[\/et_pb_blurb][\/et_pb_column][\/et_pb_row][et_pb_row _builder_version=&#8221;4.7.7&#8243; _module_preset=&#8221;default&#8221;][et_pb_column type=&#8221;4_4&#8243; _builder_version=&#8221;4.7.7&#8243; _module_preset=&#8221;default&#8221;][et_pb_text _builder_version=&#8221;4.7.7&#8243; _module_preset=&#8221;default&#8221; custom_padding=&#8221;1px|||||&#8221;]<\/p>\n<p style=\"text-align: center;\">Ka\u017cdy pok\u00f3j wyposa\u017cony jest w pojemn\u0105 szaf\u0119, wygodne \u0142\u00f3\u017cka z po\u015bciel\u0105 <br \/>i stoliki nocne z gniazdkami elektrycznymi.<\/p>\n<p style=\"text-align: center;\">W ka\u017cdym z pokoi dost\u0119pna jest \u0142azienka z prysznicem.<\/p>\n<p style=\"text-align: center;\">Istnieje mo\u017cliwo\u015b\u0107 wypo\u017cyczenia r\u0119cznik\u00f3w, suszarki lub \u017celazka.<\/p>\n<p style=\"text-align: center;\">Recepcja jest czynna ca\u0142\u0105 dob\u0119.<\/p>\n<p>[\/et_pb_text][\/et_pb_column][\/et_pb_row][\/et_pb_section][et_pb_section fb_built=&#8221;1&#8243; custom_padding_last_edited=&#8221;on|phone&#8221; admin_label=&#8221;Contact&#8221; _builder_version=&#8221;4.7.7&#8243; use_background_color_gradient=&#8221;on&#8221; background_color_gradient_start=&#8221;rgba(106,125,140,0.5)&#8221; background_color_gradient_end=&#8221;#6a7d8c&#8221; background_color_gradient_overlays_image=&#8221;on&#8221; background_image=&#8221;https:\/\/hostelkasyno.pl\/wp-content\/uploads\/2021\/01\/DSC_1448.jpg&#8221; custom_padding=&#8221;8vw|0px|280px|0px|false|false&#8221; custom_padding_tablet=&#8221;&#8221; custom_padding_phone=&#8221;||169px||false|false&#8221; locked=&#8221;off&#8221;][et_pb_row _builder_version=&#8221;4.7.7&#8243; custom_margin=&#8221;|||&#8221;][et_pb_column type=&#8221;4_4&#8243; _builder_version=&#8221;3.25&#8243; custom_padding=&#8221;|||&#8221; custom_padding__hover=&#8221;|||&#8221;][et_pb_text _builder_version=&#8221;4.7.7&#8243; text_font=&#8221;||||||||&#8221; text_line_height=&#8221;2em&#8221; header_font=&#8221;||||||||&#8221; header_2_font=&#8221;Raleway|700|||||||&#8221; header_2_font_size=&#8221;50px&#8221; header_2_line_height=&#8221;1.2em&#8221; header_6_font=&#8221;Raleway|700||on|||||&#8221; header_6_font_size=&#8221;16px&#8221; header_6_letter_spacing=&#8221;5px&#8221; header_6_line_height=&#8221;1.8em&#8221; background_layout=&#8221;dark&#8221; max_width_tablet=&#8221;&#8221; max_width_phone=&#8221;&#8221; max_width_last_edited=&#8221;on|desktop&#8221; header_2_font_size_tablet=&#8221;35px&#8221; header_2_font_size_phone=&#8221;25px&#8221; header_2_font_size_last_edited=&#8221;on|phone&#8221;]<\/p>\n<h6>Wsp\u00f3lne spotkania<\/h6>\n<h2>Kuchnia, gdzie<br \/> wszyscy maj\u0105 okazj\u0119<br \/> sp\u0119dzi\u0107 wsp\u00f3lny czas<\/h2>\n<p>Kuchnia to centralny punkt naszego hostelu.<br \/>Wsp\u00f3lne przygotowywanie posi\u0142k\u00f3w, czas przy jednym stole <br \/>\u2013 to kwintesencja zamieszkiwania w hostelu.<\/p>\n<p>[\/et_pb_text][\/et_pb_column][\/et_pb_row][\/et_pb_section][et_pb_section fb_built=&#8221;1&#8243; custom_padding_last_edited=&#8221;on|phone&#8221; admin_label=&#8221;Attractions&#8221; _builder_version=&#8221;4.7.7&#8243; background_color=&#8221;#ffffff&#8221; max_width=&#8221;90%&#8221; max_width_tablet=&#8221;&#8221; max_width_phone=&#8221;90%&#8221; max_width_last_edited=&#8221;on|phone&#8221; module_alignment=&#8221;left&#8221; custom_margin=&#8221;-160px|||&#8221; custom_padding_tablet=&#8221;&#8221; custom_padding_phone=&#8221;0px||||false|false&#8221; border_color_all=&#8221;#ffffff&#8221; border_width_right=&#8221;10vw&#8221;][et_pb_row _builder_version=&#8221;4.7.7&#8243; _module_preset=&#8221;default&#8221; module_alignment=&#8221;right&#8221; module_alignment_tablet=&#8221;&#8221; module_alignment_phone=&#8221;&#8221; module_alignment_last_edited=&#8221;on|phone&#8221;][et_pb_column type=&#8221;4_4&#8243; _builder_version=&#8221;4.7.7&#8243; _module_preset=&#8221;default&#8221;][et_pb_text _builder_version=&#8221;4.7.7&#8243; _module_preset=&#8221;default&#8221; text_font=&#8221;||||||||&#8221; text_line_height=&#8221;2em&#8221; header_font=&#8221;||||||||&#8221; header_2_font=&#8221;Raleway|700|||||||&#8221; header_2_font_size=&#8221;50px&#8221; header_2_line_height=&#8221;1.2em&#8221; header_6_font=&#8221;Raleway|700||on|||||&#8221; header_6_font_size=&#8221;16px&#8221; header_6_letter_spacing=&#8221;5px&#8221; header_6_line_height=&#8221;1.8em&#8221; text_orientation=&#8221;center&#8221; max_width=&#8221;100%&#8221; module_alignment=&#8221;center&#8221; header_2_font_size_tablet=&#8221;35px&#8221; header_2_font_size_phone=&#8221;25px&#8221; header_2_font_size_last_edited=&#8221;on|phone&#8221;]<\/p>\n<h2 style=\"text-align: left;\"><span>CENNIK<\/span><\/h2>\n<p><span><\/span><\/p>\n<p>[\/et_pb_text][et_pb_text _builder_version=&#8221;4.7.7&#8243; _module_preset=&#8221;default&#8221; custom_margin=&#8221;|||0px|false|false&#8221; custom_padding=&#8221;40px|40px|40px|40px|false|false&#8221; box_shadow_style=&#8221;preset1&#8243;]<\/p>\n<p><strong><span style=\"text-decoration: underline;\">\u0141\u00f3\u017cko w pokoju wieloosobowym z \u0142azienk\u0105<\/span><\/strong><br \/><span style=\"font-size: 16px;\">Cena za dob\u0119: 65 z\u0142<br \/><\/span>Cena za dob\u0119 przy d\u0142u\u017cszych pobytach: 45 z\u0142*<\/p>\n<p><span style=\"font-size: 16px;\"><strong><span style=\"text-decoration: underline;\">Pok\u00f3j wieloosobowy do wykorzystania dla 1 osoby<\/span><\/strong><br \/><\/span>Cena za dob\u0119: 200 z\u0142<br \/> Cena za dob\u0119 przy d\u0142u\u017cszych pobytach: 150z\u0142*<\/p>\n<p><span style=\"font-size: 16px;\"><strong><span style=\"text-decoration: underline;\">Pok\u00f3j 4-osobowy z \u0142azienk\u0105<\/span><\/strong><br \/><\/span><span style=\"font-size: 16px;\">Cena za dob\u0119: 65 z\u0142<br \/><\/span>Cena za dob\u0119 przy d\u0142u\u017cszych pobytach: 45 z\u0142*<\/p>\n<p><span style=\"font-size: 16px;\"><strong><span style=\"text-decoration: underline;\">Pok\u00f3j 5-osobowy z \u0142azienk\u0105<\/span><\/strong><br \/><\/span><span style=\"font-size: 16px;\">Cena za dob\u0119: 65 z\u0142<br \/><\/span>Cena za dob\u0119 przy d\u0142u\u017cszych pobytach: 45 z\u0142*<\/p>\n<p><span style=\"font-size: 16px;\"><strong><span style=\"text-decoration: underline;\">Pok\u00f3j 8-osobowy z \u0142azienk\u0105<\/span><\/strong><br \/><\/span><span style=\"font-size: 16px;\">Cena za dob\u0119: 65 z\u0142<br \/><\/span>Cena za dob\u0119 przy d\u0142u\u017cszych pobytach: 45 z\u0142*<\/p>\n<p><span style=\"font-size: small;\">* Ceny dotycz\u0105 pobyt\u00f3w powy\u017cej 30 dni. Je\u015bli interesuje Ci\u0119 pobyt na 7 lub 14 dni &#8211; skontaktuj si\u0119 z nami!<\/span><\/p>\n<p>[\/et_pb_text][\/et_pb_column][\/et_pb_row][et_pb_row _builder_version=&#8221;4.7.7&#8243; _module_preset=&#8221;default&#8221; width=&#8221;100%&#8221; max_width=&#8221;2560px&#8221;][et_pb_column type=&#8221;4_4&#8243; _builder_version=&#8221;4.7.7&#8243; _module_preset=&#8221;default&#8221;][et_pb_button button_url=&#8221;https:\/\/hostelkasyno.pl\/index.php\/regulamin\/&#8221; url_new_window=&#8221;on&#8221; button_text=&#8221;Regulamin Hostelu KASYNO&#8221; _builder_version=&#8221;4.7.7&#8243; _module_preset=&#8221;default&#8221; button_text_size=&#8221;16px&#8221; button_bg_color=&#8221;#474747&#8243; button_border_width=&#8221;11px&#8221;][\/et_pb_button][\/et_pb_column][\/et_pb_row][\/et_pb_section]<\/p>\n","protected":false},"excerpt":{"rendered":"<p>[et_pb_section fb_built=&#8221;1&#8243; admin_label=&#8221;Header&#8221; _builder_version=&#8221;4.7.7&#8243; use_background_color_gradient=&#8221;on&#8221; background_color_gradient_start=&#8221;rgba(255,255,255,0.89)&#8221; background_color_gradient_end=&#8221;rgba(255,255,255,0)&#8221; background_color_gradient_type=&#8221;radial&#8221; background_color_gradient_direction_radial=&#8221;top left&#8221; background_color_gradient_start_position=&#8221;30%&#8221; background_color_gradient_end_position=&#8221;80%&#8221; background_color_gradient_overlays_image=&#8221;on&#8221; background_image=&#8221;https:\/\/hostelkasyno.pl\/wp-content\/uploads\/2021\/01\/DSC_1408.jpg&#8221; custom_margin=&#8221;|||&#8221; custom_padding=&#8221;8vw|0px|0|0px|false|false&#8221; locked=&#8221;off&#8221;][et_pb_row _builder_version=&#8221;3.25&#8243;][et_pb_column type=&#8221;4_4&#8243; _builder_version=&#8221;3.25&#8243; custom_padding=&#8221;|||&#8221; custom_padding__hover=&#8221;|||&#8221;][et_pb_text _builder_version=&#8221;4.7.7&#8243; text_font=&#8221;||||||||&#8221; header_font=&#8221;Raleway|700|||||||&#8221; header_font_size=&#8221;80px&#8221; header_line_height=&#8221;1.2em&#8221; header_5_font=&#8221;Raleway|700||on|||||&#8221; header_5_text_color=&#8221;#000000&#8243; header_5_font_size=&#8221;20px&#8221; header_5_letter_spacing=&#8221;0.5em&#8221; header_5_line_height=&#8221;1.8em&#8221; animation_style=&#8221;zoom&#8221; animation_intensity_zoom=&#8221;5%&#8221; header_font_size_tablet=&#8221;48px&#8221; header_font_size_phone=&#8221;32px&#8221; header_font_size_last_edited=&#8221;on|phone&#8221; header_5_font_size_tablet=&#8221;14px&#8221; header_5_font_size_phone=&#8221;12px&#8221; header_5_font_size_last_edited=&#8221;on|desktop&#8221;] Hostel Rodzinne miejsce [\/et_pb_text][\/et_pb_column][\/et_pb_row][et_pb_row column_structure=&#8221;1_4,1_4,1_4,1_4&#8243; use_custom_gutter=&#8221;on&#8221; make_equal=&#8221;on&#8221; custom_padding_last_edited=&#8221;on|desktop&#8221; _builder_version=&#8221;4.7.7&#8243; background_color=&#8221;#ffffff&#8221; width=&#8221;90%&#8221; max_width=&#8221;90%&#8221; module_alignment=&#8221;left&#8221; custom_margin=&#8221;10vw|auto||auto|false|false&#8221; custom_padding=&#8221;0px|0px|0px|9vw|false|false&#8221; [&hellip;]<\/p>\n","protected":false},"author":1,"featured_media":0,"parent":0,"menu_order":0,"comment_status":"closed","ping_status":"closed","template":"","meta":{"_et_pb_use_builder":"on","_et_pb_old_content":"","_et_gb_content_width":""},"_links":{"self":[{"href":"https:\/\/hostelkasyno.pl\/index.php\/wp-json\/wp\/v2\/pages\/93"}],"collection":[{"href":"https:\/\/hostelkasyno.pl\/index.php\/wp-json\/wp\/v2\/pages"}],"about":[{"href":"https:\/\/hostelkasyno.pl\/index.php\/wp-json\/wp\/v2\/types\/page"}],"author":[{"embeddable":true,"href":"https:\/\/hostelkasyno.pl\/index.php\/wp-json\/wp\/v2\/users\/1"}],"replies":[{"embeddable":true,"href":"https:\/\/hostelkasyno.pl\/index.php\/wp-json\/wp\/v2\/comments?post=93"}],"version-history":[{"count":22,"href":"https:\/\/hostelkasyno.pl\/index.php\/wp-json\/wp\/v2\/pages\/93\/revisions"}],"predecessor-version":[{"id":413,"href":"https:\/\/hostelkasyno.pl\/index.php\/wp-json\/wp\/v2\/pages\/93\/revisions\/413"}],"wp:attachment":[{"href":"https:\/\/hostelkasyno.pl\/index.php\/wp-json\/wp\/v2\/media?parent=93"}],"curies":[{"name":"wp","href":"https:\/\/api.w.org\/{rel}","templated":true}]}}